{"id":1683,"date":"2021-01-25T12:44:10","date_gmt":"2021-01-25T11:44:10","guid":{"rendered":"https:\/\/www.hundseck.de\/skilift_hundseck\/impressum-copy\/"},"modified":"2021-02-15T10:30:05","modified_gmt":"2021-02-15T09:30:05","slug":"nutzungsbedingungen","status":"publish","type":"page","link":"https:\/\/www.hundseck.de\/skilift_hundseck\/nutzungsbedingungen\/","title":{"rendered":"Nutzungsbedingungen"},"content":{"rendered":"<!--themify_builder_content-->\n<div id=\"themify_builder_content-1683\" data-postid=\"1683\" class=\"themify_builder_content themify_builder_content-1683 themify_builder tf_clear\">\n                    <div  data-css_id=\"3fms66\" data-lazy=\"1\" class=\"module_row themify_builder_row fullwidth_row_container tb_3fms66 tb_first tf_w\">\n                        <div class=\"row_inner col_align_top tb_col_count_1 tf_box tf_rel\">\n                        <div  data-lazy=\"1\" class=\"module_column tb-column col-full tb_rgks68 first\">\n                            <div  data-lazy=\"1\" class=\"module_subrow themify_builder_sub_row tf_w gutter-narrow col_align_top tb_col_count_1 tb_57ls68\">\n                <div  data-lazy=\"1\" class=\"module_column sub_column col-full tb_pnmi68 first\">\n                    <!-- module text -->\n<div  class=\"module module-text tb_eht168  repeat \" data-lazy=\"1\">\n        <div  class=\"tb_text_wrap\">\n        <h2>Nutzungsbedingungen:<\/h2>\n<ol>\n<li>Der Skilift darf nur f\u00fcr den Freizeit- und Amateurindividualsport allein, zu zweit oder mit den Angeh\u00f6rigen des eigenen Haushalts und einer weiteren Person, betrieben werden. Dies bedeutet, dass sich in der gesamten Bef\u00f6rderungseinrichtung zeitgleich ausschlie\u00dflich eine einzige den vorgenannten Anforderungen entsprechende Personengruppe befinden darf. Zuwiderhandlungen werden mit sofortigem Platzverweis und Hausverbot geahndet. Bei mehr als zwei Personen ist durch Vorlage der Personalausweise nachzuweisen, dass alle Personen aus dem gleichen Haushalt stammen.<\/li>\n<li>Den Anweisungen des Liftpersonals ist unbedingt Folge zu leisten. Das Hygienekonzept vor Ort ist zu beachten. Insbesondere sind in den ausgewiesenen Bereichen die Abstandsregel und die Maskenpflicht einzuhalten.<\/li>\n<li>Der Skilift kann von einer der unter 1 genannten Personengruppe f\u00fcr eine Stunde oder maximal f\u00fcr 2 Stunden gemietet werden. Der Mietpreis betr\u00e4gt 150.- \u20ac\/h. In diesem Pauschalpreis sind 7% Mehrwertsteuer enthalten. L\u00e4ngere Mietzeiten werden nicht angeboten, um m\u00f6glichst vielen Interessenten die exclusive Skiliftnutzung zu erm\u00f6glichen.<\/li>\n<li>Der Mietbetrag kann per Paypal oder per Bank\u00fcberweisung bezahlt werden. Bei Zahlung \u00fcber Paypal k\u00f6nnen s\u00e4mtliche freien Termine, auch am Buchungstag reserviert werden. Bei Bank\u00fcberweisung k\u00f6nnen nur Termine gebucht werden, die mindestens 2 Tage in der Zukunft liegen. Der Mietpreis muss ebenso mindestens zwei Bankarbeitstage vor dem Buchungszeitraum auf der genannten Bankverbindung eingehen. Ansonsten verf\u00e4llt der Anspruch auf den gebuchten Zeitraum.<\/li>\n<li>Der Liftbetrieb findet bei mindestens ausreichenden Bedingungen statt. Die Piste wird jeweils abends bzw. nach Bedarf pr\u00e4pariert.<\/li>\n<li>Diese Benachrichtigung ist auszudrucken oder auf dem Smartphone abzuspeichern und gilt im gebuchten Zeitraum als Zutrittsberechtigung. Bei Sperrung der Zufahrtsstra\u00dfen durch die Beh\u00f6rden gilt diese Benachrichtigung als Durchfahrtsberechtigung und ist daher unbedingt mitzuf\u00fchren!<\/li>\n<li>F\u00fcr die zeitige Anfahrt und das rechtzeitige Erscheinen am Skilift hat der Kunde selbst Sorge zu tragen. Insbesondere am Wochenende und bei sch\u00f6nem Wetter kann es zu Verz\u00f6gerungen durch starken Ausflugsverkehr kommen. Bei Schneefall, Glatteis usw. sind die entsprechenden Stra\u00dfenverh\u00e4ltnisse zu ber\u00fccksichtigen und eine entsprechende Anfahrtszeit ist einzuplanen.<\/li>\n<li>R\u00fcckerstattung des Mietpreises:<br \/>In den folgenden F\u00e4llen wird dem Kunden der vorab entrichtete Mietpreis in voller H\u00f6he zur\u00fcckerstattet:<br \/>&#8211; Betriebsuntersagung aufgrund beh\u00f6rdlicher Anordnung<br \/>&#8211; Einstellen des Liftbetriebs aufgrund h\u00f6herer Gewalt (z.B. zu starker Sturm, Orkan, Erdbeben o.\u00e4.)<br \/>&#8211; Betriebsunterbrechung aufgrund technischem Defekt, Stromausfall etc.<br \/>&#8211; Einstellen des Betriebs aufgrund nicht ausreichender Schneedecke, z.B. nach Tauwetter<br \/>Kein Anspruch auf R\u00fcckerstattung besteht in den folgenden F\u00e4llen:<br \/>&#8211; Der Kunde kann den gebuchten Zeitraum aufgrund eigenen Verschuldens nicht nutzen, z.B. wegen Krankheit, zu sp\u00e4ter Anreise oder sonstigen Gr\u00fcnden, die der Liftbetreiber nicht zu verantworten hat<br \/>&#8211; aufgrund von Witterungsbedingungen im gebuchten Zeitraum, die dem Kunden nicht zusagen (z.B. Nebel, Regen o.\u00e4.)<\/li>\n<li>Durch \u00dcberweisung des Mietpreises erkennt der Kunde die Nutzungsbedingungen an.<\/li>\n<\/ol>    <\/div>\n<\/div>\n<!-- \/module text -->        <\/div>\n                    <\/div>\n                <\/div>\n                        <\/div>\n        <\/div>\n                        <div  data-anchor=\"anfahrt\" data-css_id=\"fb0d66\" data-lazy=\"1\" class=\"module_row themify_builder_row fullwidth tb_has_section tb_section-anfahrt tb_fb0d66 tf_w\">\n                        <div class=\"row_inner col_align_bottom tb_col_count_1 tf_box tf_rel\">\n                        <div  data-lazy=\"1\" class=\"module_column tb-column col-full tb_d9hu69 first\">\n                    <!-- module text -->\n<div  class=\"module module-text tb_i86j70  repeat \" data-lazy=\"1\">\n        <div  class=\"tb_text_wrap\">\n        <p><iframe loading=\"lazy\" style=\"border: 0;\" src=\"https:\/\/www.google.com\/maps\/embed?pb=!1m18!1m12!1m3!1d2636.1272656669785!2d8.230216315882423!3d48.64568052361369!2m3!1f0!2f0!3f0!3m2!1i1024!2i768!4f13.1!3m3!1m2!1s0x47972421e9545c81%3A0x487911bc21dd7416!2sB%C3%BChlertallift+Hundseck!5e0!3m2!1sde!2sde!4v1551186818318\" width=\"100%\" height=\"450\" frameborder=\"0\" allowfullscreen=\"allowfullscreen\"><\/iframe><\/p>\n    <\/div>\n<\/div>\n<!-- \/module text -->        <\/div>\n                        <\/div>\n        <\/div>\n        <\/div>\n<!--\/themify_builder_content-->","protected":false},"excerpt":{"rendered":"<p>Nutzungsbedingungen: Der Skilift darf nur f\u00fcr den Freizeit- und Amateurindividualsport allein, zu zweit oder mit den Angeh\u00f6rigen des eigenen Haushalts und einer weiteren Person, betrieben werden. Dies bedeutet, dass sich in der gesamten Bef\u00f6rderungseinrichtung zeitgleich ausschlie\u00dflich eine einzige den vorgenannten Anforderungen entsprechende Personengruppe befinden darf. Zuwiderhandlungen werden mit sofortigem Platzverweis und Hausverbot geahndet. Bei mehr [&hellip;]<\/p>\n","protected":false},"author":1,"featured_media":0,"parent":0,"menu_order":0,"comment_status":"closed","ping_status":"closed","template":"","meta":{"footnotes":""},"class_list":["post-1683","page","type-page","status-publish","hentry","has-post-title","has-post-date","has-post-category","has-post-tag","has-post-comment","has-post-author",""],"builder_content":"<h2>Nutzungsbedingungen:<\/h2> <ol> <li>Der Skilift darf nur f\u00fcr den Freizeit- und Amateurindividualsport allein, zu zweit oder mit den Angeh\u00f6rigen des eigenen Haushalts und einer weiteren Person, betrieben werden. Dies bedeutet, dass sich in der gesamten Bef\u00f6rderungseinrichtung zeitgleich ausschlie\u00dflich eine einzige den vorgenannten Anforderungen entsprechende Personengruppe befinden darf. Zuwiderhandlungen werden mit sofortigem Platzverweis und Hausverbot geahndet. Bei mehr als zwei Personen ist durch Vorlage der Personalausweise nachzuweisen, dass alle Personen aus dem gleichen Haushalt stammen.<\/li> <li>Den Anweisungen des Liftpersonals ist unbedingt Folge zu leisten. Das Hygienekonzept vor Ort ist zu beachten. Insbesondere sind in den ausgewiesenen Bereichen die Abstandsregel und die Maskenpflicht einzuhalten.<\/li> <li>Der Skilift kann von einer der unter 1 genannten Personengruppe f\u00fcr eine Stunde oder maximal f\u00fcr 2 Stunden gemietet werden. Der Mietpreis betr\u00e4gt 150.- \u20ac\/h. In diesem Pauschalpreis sind 7% Mehrwertsteuer enthalten. L\u00e4ngere Mietzeiten werden nicht angeboten, um m\u00f6glichst vielen Interessenten die exclusive Skiliftnutzung zu erm\u00f6glichen.<\/li> <li>Der Mietbetrag kann per Paypal oder per Bank\u00fcberweisung bezahlt werden. Bei Zahlung \u00fcber Paypal k\u00f6nnen s\u00e4mtliche freien Termine, auch am Buchungstag reserviert werden. Bei Bank\u00fcberweisung k\u00f6nnen nur Termine gebucht werden, die mindestens 2 Tage in der Zukunft liegen. Der Mietpreis muss ebenso mindestens zwei Bankarbeitstage vor dem Buchungszeitraum auf der genannten Bankverbindung eingehen. Ansonsten verf\u00e4llt der Anspruch auf den gebuchten Zeitraum.<\/li> <li>Der Liftbetrieb findet bei mindestens ausreichenden Bedingungen statt. Die Piste wird jeweils abends bzw. nach Bedarf pr\u00e4pariert.<\/li> <li>Diese Benachrichtigung ist auszudrucken oder auf dem Smartphone abzuspeichern und gilt im gebuchten Zeitraum als Zutrittsberechtigung. Bei Sperrung der Zufahrtsstra\u00dfen durch die Beh\u00f6rden gilt diese Benachrichtigung als Durchfahrtsberechtigung und ist daher unbedingt mitzuf\u00fchren!<\/li> <li>F\u00fcr die zeitige Anfahrt und das rechtzeitige Erscheinen am Skilift hat der Kunde selbst Sorge zu tragen. Insbesondere am Wochenende und bei sch\u00f6nem Wetter kann es zu Verz\u00f6gerungen durch starken Ausflugsverkehr kommen. Bei Schneefall, Glatteis usw. sind die entsprechenden Stra\u00dfenverh\u00e4ltnisse zu ber\u00fccksichtigen und eine entsprechende Anfahrtszeit ist einzuplanen.<\/li> <li>R\u00fcckerstattung des Mietpreises:<br \/>In den folgenden F\u00e4llen wird dem Kunden der vorab entrichtete Mietpreis in voller H\u00f6he zur\u00fcckerstattet:<br \/>- Betriebsuntersagung aufgrund beh\u00f6rdlicher Anordnung<br \/>- Einstellen des Liftbetriebs aufgrund h\u00f6herer Gewalt (z.B. zu starker Sturm, Orkan, Erdbeben o.\u00e4.)<br \/>- Betriebsunterbrechung aufgrund technischem Defekt, Stromausfall etc.<br \/>- Einstellen des Betriebs aufgrund nicht ausreichender Schneedecke, z.B. nach Tauwetter<br \/>Kein Anspruch auf R\u00fcckerstattung besteht in den folgenden F\u00e4llen:<br \/>- Der Kunde kann den gebuchten Zeitraum aufgrund eigenen Verschuldens nicht nutzen, z.B. wegen Krankheit, zu sp\u00e4ter Anreise oder sonstigen Gr\u00fcnden, die der Liftbetreiber nicht zu verantworten hat<br \/>- aufgrund von Witterungsbedingungen im gebuchten Zeitraum, die dem Kunden nicht zusagen (z.B. Nebel, Regen o.\u00e4.)<\/li> <li>Durch \u00dcberweisung des Mietpreises erkennt der Kunde die Nutzungsbedingungen an.<\/li> <\/ol>\n<p><iframe loading=\"lazy\" style=\"border: 0;\" src=\"https:\/\/www.google.com\/maps\/embed?pb=!1m18!1m12!1m3!1d2636.1272656669785!2d8.230216315882423!3d48.64568052361369!2m3!1f0!2f0!3f0!3m2!1i1024!2i768!4f13.1!3m3!1m2!1s0x47972421e9545c81%3A0x487911bc21dd7416!2sB%C3%BChlertallift+Hundseck!5e0!3m2!1sde!2sde!4v1551186818318\" width=\"100%\" height=\"450\" frameborder=\"0\" allowfullscreen=\"allowfullscreen\"><\/iframe><\/p>","_links":{"self":[{"href":"https:\/\/www.hundseck.de\/skilift_hundseck\/wp-json\/wp\/v2\/pages\/1683","targetHints":{"allow":["GET"]}}],"collection":[{"href":"https:\/\/www.hundseck.de\/skilift_hundseck\/wp-json\/wp\/v2\/pages"}],"about":[{"href":"https:\/\/www.hundseck.de\/skilift_hundseck\/wp-json\/wp\/v2\/types\/page"}],"author":[{"embeddable":true,"href":"https:\/\/www.hundseck.de\/skilift_hundseck\/wp-json\/wp\/v2\/users\/1"}],"replies":[{"embeddable":true,"href":"https:\/\/www.hundseck.de\/skilift_hundseck\/wp-json\/wp\/v2\/comments?post=1683"}],"version-history":[{"count":5,"href":"https:\/\/www.hundseck.de\/skilift_hundseck\/wp-json\/wp\/v2\/pages\/1683\/revisions"}],"predecessor-version":[{"id":1724,"href":"https:\/\/www.hundseck.de\/skilift_hundseck\/wp-json\/wp\/v2\/pages\/1683\/revisions\/1724"}],"wp:attachment":[{"href":"https:\/\/www.hundseck.de\/skilift_hundseck\/wp-json\/wp\/v2\/media?parent=1683"}],"curies":[{"name":"wp","href":"https:\/\/api.w.org\/{rel}","templated":true}]}}