{"id":1299,"date":"2019-12-16T15:08:49","date_gmt":"2019-12-16T14:08:49","guid":{"rendered":"https:\/\/www.hundseck.de\/skilift_hundseck\/gastronomie-copy\/"},"modified":"2025-11-17T12:50:13","modified_gmt":"2025-11-17T11:50:13","slug":"kontakt","status":"publish","type":"page","link":"https:\/\/www.hundseck.de\/skilift_hundseck\/kontakt\/","title":{"rendered":"Kontakt"},"content":{"rendered":"<!--themify_builder_content-->\n<div id=\"themify_builder_content-1299\" data-postid=\"1299\" class=\"themify_builder_content themify_builder_content-1299 themify_builder tf_clear\">\n                    <div  data-css_id=\"zkw7589\" data-lazy=\"1\" class=\"module_row themify_builder_row fullwidth_row_container tb_zkw7589 tb_first tf_w\">\n                        <div class=\"row_inner col_align_top tb_col_count_1 tf_box tf_rel\">\n                        <div  data-lazy=\"1\" class=\"module_column tb-column col-full tb_2rwg590 first\">\n                            <div  data-lazy=\"1\" class=\"module_subrow themify_builder_sub_row tf_w col_align_top gutter-narrow tb_col_count_2 tb_0mg9590\">\n                <div  data-lazy=\"1\" class=\"module_column sub_column col4-2 tb_aa1n591 first\">\n                    <!-- module text -->\n<div  class=\"module module-text tb_yucd591   \" data-lazy=\"1\">\n        <div  class=\"tb_text_wrap\">\n        <h2>Kontakt<\/h2>\n<p>B\u00fchlertallift Hundseck KG<br>Schwarzwaldhochstra\u00dfe 15a<br>77830 B\u00fchlertal<br>Tel: 07226 \u2013 283<br>E-Mail:\u00a0<a href=\"mailto:info@hundseck.de\">info@hundseck.de<\/a><\/p>    <\/div>\n<\/div>\n<!-- \/module text -->        <\/div>\n                    <div  data-lazy=\"1\" class=\"module_column sub_column col4-2 tb_k6mg181 last\">\n                    <!-- module text -->\n<div  class=\"module module-text tb_h7vg457   \" data-lazy=\"1\">\n        <div  class=\"tb_text_wrap\">\n        <h2 style=\"text-align: left;\">Kontaktformular<\/h2>\n\n<div class=\"wpcf7 no-js\" id=\"wpcf7-f1305-o1\" lang=\"de-DE\" dir=\"ltr\" data-wpcf7-id=\"1305\">\n<div class=\"screen-reader-response\"><p role=\"status\" aria-live=\"polite\" aria-atomic=\"true\"><\/p> <ul><\/ul><\/div>\n<form action=\"\/skilift_hundseck\/wp-json\/wp\/v2\/pages\/1299#wpcf7-f1305-o1\" method=\"post\" class=\"wpcf7-form init\" aria-label=\"Kontaktformular\" novalidate=\"novalidate\" data-status=\"init\">\n<fieldset class=\"hidden-fields-container\"><input type=\"hidden\" name=\"_wpcf7\" value=\"1305\" \/><input type=\"hidden\" name=\"_wpcf7_version\" value=\"6.1.5\" \/><input type=\"hidden\" name=\"_wpcf7_locale\" value=\"de_DE\" \/><input type=\"hidden\" name=\"_wpcf7_unit_tag\" value=\"wpcf7-f1305-o1\" \/><input type=\"hidden\" name=\"_wpcf7_container_post\" value=\"0\" \/><input type=\"hidden\" name=\"_wpcf7_posted_data_hash\" value=\"\" \/>\n<\/fieldset>\n<div id=\"form_kopf\">\n\t<p><label> Name (Pflichtfeld) <span class=\"wpcf7-form-control-wrap\" data-name=\"aname\"><input size=\"40\" maxlength=\"400\" class=\"wpcf7-form-control wpcf7-text wpcf7-validates-as-required\" aria-required=\"true\" aria-invalid=\"false\" placeholder=\"Ihr Name\" value=\"\" type=\"text\" name=\"aname\" \/><\/span> <\/label><span id=\"wpcf7-69d2d71609c78-wrapper\" class=\"wpcf7-form-control-wrap mail-wrap\" style=\"display:none !important; visibility:hidden !important;\"><label for=\"wpcf7-69d2d71609c78-field\" class=\"hp-message\">Bitte lasse dieses Feld leer.<\/label><input id=\"wpcf7-69d2d71609c78-field\"  class=\"wpcf7-form-control wpcf7-text\" type=\"text\" name=\"mail\" value=\"\" size=\"40\" tabindex=\"-1\" autocomplete=\"new-password\" \/><\/span><br \/>\n<label> Vorname (Pflichtfeld) <span class=\"wpcf7-form-control-wrap\" data-name=\"vorname\"><input size=\"40\" maxlength=\"400\" class=\"wpcf7-form-control wpcf7-text wpcf7-validates-as-required\" aria-required=\"true\" aria-invalid=\"false\" placeholder=\"Ihr Vorname\" value=\"\" type=\"text\" name=\"vorname\" \/><\/span> <\/label><br \/>\n<label> E-Mail (Pflichtfeld) <span class=\"wpcf7-form-control-wrap\" data-name=\"email\"><input size=\"40\" maxlength=\"400\" class=\"wpcf7-form-control wpcf7-email wpcf7-validates-as-required wpcf7-text wpcf7-validates-as-email\" aria-required=\"true\" aria-invalid=\"false\" placeholder=\"Ihre E-Mailadresse\" value=\"\" type=\"email\" name=\"email\" \/><\/span> <\/label>\n\t<\/p>\n<\/div>\n<p><label><span class=\"wpcf7-form-control-wrap\" data-name=\"your-message\"><textarea cols=\"30\" rows=\"3\" maxlength=\"2000\" class=\"wpcf7-form-control wpcf7-textarea\" aria-invalid=\"false\" placeholder=\"Ihre Anfrage\" name=\"your-message\"><\/textarea><\/span> <\/label><span id=\"wpcf7-69d2d71609e66-wrapper\" class=\"wpcf7-form-control-wrap mails-wrap\" style=\"display:none !important; visibility:hidden !important;\"><label for=\"wpcf7-69d2d71609e66-field\" class=\"hp-message\">Bitte lasse dieses Feld leer.<\/label><input id=\"wpcf7-69d2d71609e66-field\"  class=\"wpcf7-form-control wpcf7-text\" type=\"text\" name=\"mails\" value=\"\" size=\"40\" tabindex=\"-1\" autocomplete=\"new-password\" \/><\/span><br \/>\n<span class=\"wpcf7-form-control-wrap\" data-name=\"acceptance-760\"><span class=\"wpcf7-form-control wpcf7-acceptance\"><span class=\"wpcf7-list-item\"><label><input type=\"checkbox\" name=\"acceptance-760\" value=\"1\" aria-invalid=\"false\" \/><span class=\"wpcf7-list-item-label\">Ich habe die <a href=\"https:\/\/www.hundseck.de\/skilift_hundseck\/datenschutzerklaerung\/\" target=\"_blank\">Datenschutzerkl\u00e4rung<\/a> zur Kenntnis genommen und stimme zu, dass meine Angaben zur Kontaktaufnahme und f\u00fcr R\u00fcckfragen dauerhaft gespeichert werden. Meine Angaben werden nur zur Beantwortung meiner Anfrage erhoben und verarbeitet.<\/span><\/label><\/span><\/span><\/span>\n<\/p>\n<p><b>Hinweis:<\/b> Sie k\u00f6nnen Ihre Einwilligung jederzeit f\u00fcr die Zukunft per Mail an <a href=\"mailto:info@hundseck.de\">info@hundseck.de<\/a> widerrufen.<br \/>\n<input class=\"wpcf7-form-control wpcf7-submit has-spinner\" type=\"submit\" value=\"Senden\" \/>\n<\/p><div class=\"wpcf7-response-output\" aria-hidden=\"true\"><\/div>\n<\/form>\n<\/div>\n    <\/div>\n<\/div>\n<!-- \/module text -->        <\/div>\n                    <\/div>\n                <\/div>\n                        <\/div>\n        <\/div>\n                        <div  data-anchor=\"anfahrt\" data-css_id=\"xtbz589\" data-lazy=\"1\" class=\"module_row themify_builder_row fullwidth tb_has_section tb_section-anfahrt tb_xtbz589 tf_w\">\n                        <div class=\"row_inner col_align_top tb_col_count_1 tf_box tf_rel\">\n                        <div  data-lazy=\"1\" class=\"module_column tb-column col-full tb_uufq612 first\">\n                    <!-- module text -->\n<div  class=\"module module-text tb_un5t613   \" data-lazy=\"1\">\n        <div  class=\"tb_text_wrap\">\n        <p><iframe loading=\"lazy\" style=\"border: 0;\" src=\"https:\/\/www.google.com\/maps\/embed?pb=!1m18!1m12!1m3!1d2636.1272656669785!2d8.230216315882423!3d48.64568052361369!2m3!1f0!2f0!3f0!3m2!1i1024!2i768!4f13.1!3m3!1m2!1s0x47972421e9545c81%3A0x487911bc21dd7416!2sB%C3%BChlertallift+Hundseck!5e0!3m2!1sde!2sde!4v1551186818318\" width=\"100%\" height=\"450\" frameborder=\"0\" allowfullscreen=\"allowfullscreen\"><\/iframe><\/p>\n    <\/div>\n<\/div>\n<!-- \/module text -->        <\/div>\n                        <\/div>\n        <\/div>\n        <\/div>\n<!--\/themify_builder_content-->","protected":false},"excerpt":{"rendered":"<p>Kontakt B\u00fchlertallift Hundseck GbRNatalie und Daniel KarcherSchwarzwaldhochstr. 15a77815 B\u00fchlTel: 07226 \u2013 283E-Mail:\u00a0info@hundseck.de Kontaktformular<\/p>\n","protected":false},"author":1,"featured_media":0,"parent":0,"menu_order":0,"comment_status":"closed","ping_status":"closed","template":"","meta":{"footnotes":""},"class_list":["post-1299","page","type-page","status-publish","hentry","has-post-title","has-post-date","has-post-category","has-post-tag","has-post-comment","has-post-author",""],"builder_content":"<h2>Kontakt<\/h2> <p>B\u00fchlertallift Hundseck KG<br>Schwarzwaldhochstra\u00dfe 15a<br>77830 B\u00fchlertal<br>Tel: 07226 \u2013 283<br>E-Mail:\u00a0<a href=\"mailto:info@hundseck.de\">info@hundseck.de<\/a><\/p>\n<h2 style=\"text-align: left;\">Kontaktformular<\/h2> <p>[contact-form-7 id=\"1305\" title=\"Kontaktformular 1\"]<\/p>\n<p><iframe loading=\"lazy\" style=\"border: 0;\" src=\"https:\/\/www.google.com\/maps\/embed?pb=!1m18!1m12!1m3!1d2636.1272656669785!2d8.230216315882423!3d48.64568052361369!2m3!1f0!2f0!3f0!3m2!1i1024!2i768!4f13.1!3m3!1m2!1s0x47972421e9545c81%3A0x487911bc21dd7416!2sB%C3%BChlertallift+Hundseck!5e0!3m2!1sde!2sde!4v1551186818318\" width=\"100%\" height=\"450\" frameborder=\"0\" allowfullscreen=\"allowfullscreen\"><\/iframe><\/p>","_links":{"self":[{"href":"https:\/\/www.hundseck.de\/skilift_hundseck\/wp-json\/wp\/v2\/pages\/1299","targetHints":{"allow":["GET"]}}],"collection":[{"href":"https:\/\/www.hundseck.de\/skilift_hundseck\/wp-json\/wp\/v2\/pages"}],"about":[{"href":"https:\/\/www.hundseck.de\/skilift_hundseck\/wp-json\/wp\/v2\/types\/page"}],"author":[{"embeddable":true,"href":"https:\/\/www.hundseck.de\/skilift_hundseck\/wp-json\/wp\/v2\/users\/1"}],"replies":[{"embeddable":true,"href":"https:\/\/www.hundseck.de\/skilift_hundseck\/wp-json\/wp\/v2\/comments?post=1299"}],"version-history":[{"count":17,"href":"https:\/\/www.hundseck.de\/skilift_hundseck\/wp-json\/wp\/v2\/pages\/1299\/revisions"}],"predecessor-version":[{"id":2307,"href":"https:\/\/www.hundseck.de\/skilift_hundseck\/wp-json\/wp\/v2\/pages\/1299\/revisions\/2307"}],"wp:attachment":[{"href":"https:\/\/www.hundseck.de\/skilift_hundseck\/wp-json\/wp\/v2\/media?parent=1299"}],"curies":[{"name":"wp","href":"https:\/\/api.w.org\/{rel}","templated":true}]}}