{"id":1288,"date":"2019-12-16T14:55:50","date_gmt":"2019-12-16T13:55:50","guid":{"rendered":"https:\/\/www.hundseck.de\/skilift_hundseck\/info-skigebiet-copy\/"},"modified":"2026-01-25T21:27:32","modified_gmt":"2026-01-25T20:27:32","slug":"gastronomie","status":"publish","type":"page","link":"https:\/\/www.hundseck.de\/skilift_hundseck\/gastronomie\/","title":{"rendered":"Gastronomie"},"content":{"rendered":"<!--themify_builder_content-->\n<div id=\"themify_builder_content-1288\" data-postid=\"1288\" class=\"themify_builder_content themify_builder_content-1288 themify_builder tf_clear\">\n                    <div  data-css_id=\"8435980\" data-lazy=\"1\" class=\"module_row themify_builder_row fullwidth_row_container tb_8435980 tb_first tf_w\">\n                        <div class=\"row_inner col_align_top tb_col_count_1 tf_box tf_rel\">\n                        <div  data-lazy=\"1\" class=\"module_column tb-column col-full tb_xve8088 first\">\n                            <div  data-lazy=\"1\" class=\"module_subrow themify_builder_sub_row tf_w col_align_top tb_col_count_1 tb_4l06820\">\n                <div  data-lazy=\"1\" class=\"module_column sub_column col-full tb_srtx880 first\">\n                    <!-- module text -->\n<div  class=\"module module-text tb_lhb6330   \" data-lazy=\"1\">\n        <div  class=\"tb_text_wrap\">\n        <h2>Die Hundsh\u00fctte<\/h2>\n<p>Die gem\u00fctliche Hundsh\u00fctte bietet Platz f\u00fcr ca. 50 Skifahrer und Snowboarder.<br \/><br \/><strong>Aktuelle \u00d6ffnungszeiten bei Liftbetrieb:<\/strong><br \/>Montag-Freitag von 11:00-21:00 Uhr<br \/>Samstag von 9:00- 21:00 Uhr<br \/>Sonn- u. Feiertag von 9:00-18:00 Uhr<br \/><br \/>\u00c4nderungen vorbehalten<\/p>\n<p><strong><br \/>Kontakt:<\/strong> <br \/>B\u00fchlertallift Hundseck KG<br \/>Schwarzwaldhochstr. 15a, 77830 B\u00fchlertal<\/p>\n<p>Tel: 07226-920927\u00a0<br \/>E-Mail: gastro@hundseck.de<br \/><br \/><br \/><\/p>    <\/div>\n<\/div>\n<!-- \/module text -->        <\/div>\n                    <\/div>\n                <div  data-lazy=\"1\" class=\"module_subrow themify_builder_sub_row tf_w col_align_middle gutter-narrow tb_col_count_3 tb_2kda327\">\n                <div  data-lazy=\"1\" class=\"module_column sub_column col3-1 tb_icv4329 first\">\n                    <!-- module image -->\n<div  class=\"module module-image tb_vy0t475 image-top   tf_mw\" data-lazy=\"1\">\n        <div class=\"image-wrap tf_rel tf_mw\">\n            <img loading=\"lazy\" decoding=\"async\" width=\"768\" height=\"576\" src=\"https:\/\/www.hundseck.de\/skilift_hundseck\/wp-content\/uploads\/2019\/04\/IMG_2296.jpg\" class=\"wp-post-image wp-image-531\" title=\"IMG_2296\" alt=\"IMG_2296\" srcset=\"https:\/\/www.hundseck.de\/skilift_hundseck\/wp-content\/uploads\/2019\/04\/IMG_2296.jpg 768w, https:\/\/www.hundseck.de\/skilift_hundseck\/wp-content\/uploads\/2019\/04\/IMG_2296-300x225.jpg 300w\" sizes=\"auto, (max-width: 768px) 100vw, 768px\" \/>    \n        <\/div>\n    <!-- \/image-wrap -->\n    \n        <\/div>\n<!-- \/module image -->        <\/div>\n                    <div  data-lazy=\"1\" class=\"module_column sub_column col3-1 tb_fwpd16\">\n                            <\/div>\n                    <div  data-lazy=\"1\" class=\"module_column sub_column col3-1 tb_2bcm16 last\">\n                            <\/div>\n                    <\/div>\n                <\/div>\n                        <\/div>\n        <\/div>\n                        <div  data-anchor=\"anfahrt\" data-css_id=\"8sgw080\" data-lazy=\"1\" class=\"module_row themify_builder_row fullwidth tb_has_section tb_section-anfahrt tb_8sgw080 tf_w\">\n                        <div class=\"row_inner col_align_top tb_col_count_1 tf_box tf_rel\">\n                        <div  data-lazy=\"1\" class=\"module_column tb-column col-full tb_yc48008 first\">\n                    <!-- module text -->\n<div  class=\"module module-text tb_joeq660   \" data-lazy=\"1\">\n        <div  class=\"tb_text_wrap\">\n        <p><iframe loading=\"lazy\" style=\"border: 0;\" src=\"https:\/\/www.google.com\/maps\/embed?pb=!1m18!1m12!1m3!1d2636.1272656669785!2d8.230216315882423!3d48.64568052361369!2m3!1f0!2f0!3f0!3m2!1i1024!2i768!4f13.1!3m3!1m2!1s0x47972421e9545c81%3A0x487911bc21dd7416!2sB%C3%BChlertallift+Hundseck!5e0!3m2!1sde!2sde!4v1551186818318\" width=\"100%\" height=\"450\" frameborder=\"0\" allowfullscreen=\"allowfullscreen\"><\/iframe><\/p>\n    <\/div>\n<\/div>\n<!-- \/module text -->        <\/div>\n                        <\/div>\n        <\/div>\n        <\/div>\n<!--\/themify_builder_content-->","protected":false},"excerpt":{"rendered":"<p>Die Hundsh\u00fctte Die gem\u00fctliche Hundsh\u00fctte bietet Platz f\u00fcr ca. 50 Skifahrer und Snowboarder.Aktuelle \u00d6ffnungszeiten bei Liftbetrieb:Montag-Freitag von 11:00-21:00 UhrSamstag von 9:00- 21:00 UhrSonn- u. Feiertag von 9:00-18:00 Uhr\u00c4nderungen vorbehalten Kontakt: B\u00fchlertallift Hundseck KGSchwarzwaldhochstr. 15a, 77830 B\u00fchlertal Tel: 07226-920927\u00a0E-Mail: gastro@hundseck.de<\/p>\n","protected":false},"author":1,"featured_media":0,"parent":0,"menu_order":0,"comment_status":"closed","ping_status":"closed","template":"","meta":{"footnotes":""},"class_list":["post-1288","page","type-page","status-publish","hentry","has-post-title","has-post-date","has-post-category","has-post-tag","has-post-comment","has-post-author",""],"builder_content":"<h2>Die Hundsh\u00fctte<\/h2> <p>Die gem\u00fctliche Hundsh\u00fctte bietet Platz f\u00fcr ca. 50 Skifahrer und Snowboarder.<br \/><br \/><strong>Aktuelle \u00d6ffnungszeiten bei Liftbetrieb:<\/strong><br \/>Montag-Freitag von 11:00-21:00 Uhr<br \/>Samstag von 9:00- 21:00 Uhr<br \/>Sonn- u. Feiertag von 9:00-18:00 Uhr<br \/><br \/>\u00c4nderungen vorbehalten<\/p> <p><strong><br \/>Kontakt:<\/strong> <br \/>B\u00fchlertallift Hundseck KG<br \/>Schwarzwaldhochstr. 15a, 77830 B\u00fchlertal<\/p> <p>Tel: 07226-920927\u00a0<br \/>E-Mail: gastro@hundseck.de<br \/><br \/><br \/><\/p>\n<img src=\"https:\/\/www.hundseck.de\/skilift_hundseck\/wp-content\/uploads\/2019\/04\/IMG_2296.jpg\" title=\"IMG_2296\" alt=\"IMG_2296\" srcset=\"https:\/\/www.hundseck.de\/skilift_hundseck\/wp-content\/uploads\/2019\/04\/IMG_2296.jpg 768w, https:\/\/www.hundseck.de\/skilift_hundseck\/wp-content\/uploads\/2019\/04\/IMG_2296-300x225.jpg 300w\" sizes=\"(max-width: 768px) 100vw, 768px\" \/>\n<p><iframe loading=\"lazy\" style=\"border: 0;\" src=\"https:\/\/www.google.com\/maps\/embed?pb=!1m18!1m12!1m3!1d2636.1272656669785!2d8.230216315882423!3d48.64568052361369!2m3!1f0!2f0!3f0!3m2!1i1024!2i768!4f13.1!3m3!1m2!1s0x47972421e9545c81%3A0x487911bc21dd7416!2sB%C3%BChlertallift+Hundseck!5e0!3m2!1sde!2sde!4v1551186818318\" width=\"100%\" height=\"450\" frameborder=\"0\" allowfullscreen=\"allowfullscreen\"><\/iframe><\/p>","_links":{"self":[{"href":"https:\/\/www.hundseck.de\/skilift_hundseck\/wp-json\/wp\/v2\/pages\/1288","targetHints":{"allow":["GET"]}}],"collection":[{"href":"https:\/\/www.hundseck.de\/skilift_hundseck\/wp-json\/wp\/v2\/pages"}],"about":[{"href":"https:\/\/www.hundseck.de\/skilift_hundseck\/wp-json\/wp\/v2\/types\/page"}],"author":[{"embeddable":true,"href":"https:\/\/www.hundseck.de\/skilift_hundseck\/wp-json\/wp\/v2\/users\/1"}],"replies":[{"embeddable":true,"href":"https:\/\/www.hundseck.de\/skilift_hundseck\/wp-json\/wp\/v2\/comments?post=1288"}],"version-history":[{"count":46,"href":"https:\/\/www.hundseck.de\/skilift_hundseck\/wp-json\/wp\/v2\/pages\/1288\/revisions"}],"predecessor-version":[{"id":2386,"href":"https:\/\/www.hundseck.de\/skilift_hundseck\/wp-json\/wp\/v2\/pages\/1288\/revisions\/2386"}],"wp:attachment":[{"href":"https:\/\/www.hundseck.de\/skilift_hundseck\/wp-json\/wp\/v2\/media?parent=1288"}],"curies":[{"name":"wp","href":"https:\/\/api.w.org\/{rel}","templated":true}]}}